{"id":916,"date":"2018-11-28T12:35:55","date_gmt":"2018-11-28T11:35:55","guid":{"rendered":"http:\/\/zubeldia.triplevdoble.com\/tabla-de-equivalencias-de-idiomas\/"},"modified":"2019-01-24T16:51:05","modified_gmt":"2019-01-24T15:51:05","slug":"hizkuntzen-taula-baliokidea","status":"publish","type":"page","link":"https:\/\/zubeldia.com\/eu\/hizkuntzen-taula-baliokidea\/","title":{"rendered":"Hizkuntzen taula baliokidea"},"content":{"rendered":"<p>Hizkuntzetarako Europako Erreferentzia Esparru Bateratuaren araberako hizkuntzen taula baliokidea.<\/p>\n<table style=\"border-collapse: collapse; width: 99.9976%; height: 192px;\" border=\"1\">\n<thead>\n<tr style=\"height: 24px;\">\n<td style=\"width: 14.2857%; height: 24px; text-align: center;\"><\/td>\n<td style=\"width: 14.1408%; height: 24px; text-align: center;\">A1<\/td>\n<td style=\"width: 14.5755%; height: 24px; text-align: center;\">A2<\/td>\n<td style=\"width: 14.1408%; height: 24px; text-align: center;\">B1<\/td>\n<td style=\"width: 14.2857%; height: 24px; text-align: center;\">B2<\/td>\n<td style=\"width: 14.2857%; height: 24px; text-align: center;\">C1<\/td>\n<td style=\"width: 14.2857%; height: 24px; text-align: center;\">C2<\/td>\n<\/tr>\n<\/thead>\n<tbody>\n<tr style=\"height: 48px;\">\n<td style=\"width: 14.2857%; height: 48px; text-align: center;\"><\/td>\n<td style=\"width: 14.1408%; height: 48px; text-align: center;\">OINARRIZKOA<\/td>\n<td style=\"width: 14.5755%; height: 48px; text-align: center;\">AURRE ERDI-MAILA<\/td>\n<td style=\"width: 14.1408%; height: 48px; text-align: center;\">ERDI-MAILA<\/td>\n<td style=\"width: 14.2857%; height: 48px; text-align: center;\">AURRERATUA<\/td>\n<td style=\"width: 14.2857%; height: 48px; text-align: center;\">GAITASUNA 1<\/td>\n<td style=\"width: 14.2857%; height: 48px; text-align: center;\">GAITASUNA 2<\/td>\n<\/tr>\n<tr style=\"height: 24px;\">\n<th style=\"width: 14.2857%; height: 24px; text-align: center;\">INGL\u00c9S<\/th>\n<td style=\"width: 14.1408%; height: 24px; text-align: center;\"><\/td>\n<td style=\"width: 14.5755%; height: 24px; text-align: center;\">KET<\/td>\n<td style=\"width: 14.1408%; height: 24px; text-align: center;\">PET<\/td>\n<td style=\"width: 14.2857%; height: 24px; text-align: center;\">FCE<\/td>\n<td style=\"width: 14.2857%; height: 24px; text-align: center;\">CAE<\/td>\n<td style=\"width: 14.2857%; height: 24px; text-align: center;\">CPE<\/td>\n<\/tr>\n<tr style=\"height: 24px;\">\n<th style=\"width: 14.2857%; height: 24px; text-align: center;\">FRANC\u00c9S<\/th>\n<td style=\"height: 24px; text-align: center; width: 57.1428%;\" colspan=\"4\">DELF<\/td>\n<td style=\"width: 28.5714%; height: 24px; text-align: center;\" colspan=\"2\">DALF<\/td>\n<\/tr>\n<tr style=\"height: 24px;\">\n<th style=\"width: 14.2857%; height: 24px; text-align: center;\">ALEM\u00c1N<\/th>\n<td style=\"width: 14.1408%; height: 24px; text-align: center;\">STAR DEUTCH 1 (SD1)<\/td>\n<td style=\"width: 14.5755%; height: 24px; text-align: center;\">STAR DEUTCH 1 (SD2)<\/td>\n<td style=\"width: 14.1408%; height: 24px; text-align: center;\">ZERTIFICAT DEUTSCH (ZD)<\/td>\n<td style=\"width: 14.2857%; height: 24px; text-align: center;\">GOETHE-ZERTIFIKAT<\/td>\n<td style=\"width: 14.2857%; height: 24px; text-align: center;\">GOETHE-ZERTIFIKAT<\/td>\n<td style=\"width: 14.2857%; height: 24px; text-align: center;\">ZOP<\/td>\n<\/tr>\n<tr style=\"height: 24px;\">\n<th style=\"width: 14.2857%; height: 24px; text-align: center;\">EUSKERA<\/th>\n<td style=\"width: 14.1408%; height: 24px; text-align: center;\"><\/td>\n<td style=\"width: 14.5755%; height: 24px; text-align: center;\"><\/td>\n<td style=\"width: 14.1408%; height: 24px; text-align: center;\">Hizkuntza-eskakizuna HE1<\/td>\n<td style=\"width: 14.2857%; height: 24px; text-align: center;\">Hizkuntza-eskakizuna HE2<\/td>\n<td style=\"width: 14.2857%; height: 24px; text-align: center;\">Hizkuntza-eskakizuna HE3 \/ EGA<\/td>\n<td style=\"width: 14.2857%; height: 24px; text-align: center;\">Hizkuntza- eskakizuna HE4<\/td>\n<\/tr>\n<tr style=\"height: 24px;\">\n<th style=\"width: 14.2857%; height: 24px; text-align: center;\">ESPA\u00d1OL<\/th>\n<td style=\"width: 14.1408%; height: 24px; text-align: center;\">Instituto Cervantes Nivel A1<\/td>\n<td style=\"width: 14.5755%; height: 24px; text-align: center;\">Instituto Cervantes A2 maila<\/td>\n<td style=\"width: 14.1408%; height: 24px; text-align: center;\">Instituto Cervantes B1 maila<\/td>\n<td style=\"width: 14.2857%; height: 24px; text-align: center;\">Instituto Cervantes B2 maila<\/td>\n<td style=\"width: 14.2857%; height: 24px; text-align: center;\">Instituto Cervantes C1 maila<\/td>\n<td style=\"width: 14.2857%; height: 24px; text-align: center;\">Instituto Cervantes C2 maila<\/td>\n<\/tr>\n<\/tbody>\n<\/table>\n<p>&nbsp;<\/p>\n","protected":false},"excerpt":{"rendered":"<p>Hizkuntzetarako Europako Erreferentzia Esparru Bateratuaren araberako hizkuntzen taula baliokidea. A1 A2 B1 B2 C1 C2 OINARRIZKOA AURRE ERDI-MAILA ERDI-MAILA AURRERATUA GAITASUNA 1 GAITASUNA 2 INGL\u00c9S KET PET FCE CAE CPE FRANC\u00c9S DELF DALF ALEM\u00c1N STAR DEUTCH 1 (SD1) STAR DEUTCH 1 (SD2) ZERTIFICAT DEUTSCH (ZD) GOETHE-ZERTIFIKAT GOETHE-ZERTIFIKAT ZOP EUSKERA Hizkuntza-eskakizuna HE1 Hizkuntza-eskakizuna HE2 Hizkuntza-eskakizuna HE3 [&hellip;]<\/p>\n","protected":false},"author":1,"featured_media":0,"parent":0,"menu_order":0,"comment_status":"closed","ping_status":"closed","template":"","meta":{"_acf_changed":false,"footnotes":""},"class_list":["post-916","page","type-page","status-publish","hentry"],"acf":[],"yoast_head":"<!-- This site is optimized with the Yoast SEO plugin v26.7 - https:\/\/yoast.com\/wordpress\/plugins\/seo\/ -->\n<title>Hizkuntzen taula baliokidea - Zubeldia Formaci\u00f3n<\/title>\n<meta name=\"robots\" content=\"index, follow, max-snippet:-1, max-image-preview:large, max-video-preview:-1\" \/>\n<link rel=\"canonical\" href=\"https:\/\/zubeldia.com\/eu\/hizkuntzen-taula-baliokidea\/\" \/>\n<meta property=\"og:locale\" content=\"eu_ES\" \/>\n<meta property=\"og:type\" content=\"article\" \/>\n<meta property=\"og:title\" content=\"Hizkuntzen taula baliokidea - Zubeldia Formaci\u00f3n\" \/>\n<meta property=\"og:description\" content=\"Hizkuntzetarako Europako Erreferentzia Esparru Bateratuaren araberako hizkuntzen taula baliokidea. A1 A2 B1 B2 C1 C2 OINARRIZKOA AURRE ERDI-MAILA ERDI-MAILA AURRERATUA GAITASUNA 1 GAITASUNA 2 INGL\u00c9S KET PET FCE CAE CPE FRANC\u00c9S DELF DALF ALEM\u00c1N STAR DEUTCH 1 (SD1) STAR DEUTCH 1 (SD2) ZERTIFICAT DEUTSCH (ZD) GOETHE-ZERTIFIKAT GOETHE-ZERTIFIKAT ZOP EUSKERA Hizkuntza-eskakizuna HE1 Hizkuntza-eskakizuna HE2 Hizkuntza-eskakizuna HE3 [&hellip;]\" \/>\n<meta property=\"og:url\" content=\"https:\/\/zubeldia.com\/eu\/hizkuntzen-taula-baliokidea\/\" \/>\n<meta property=\"og:site_name\" content=\"Zubeldia Formaci\u00f3n\" \/>\n<meta property=\"article:modified_time\" content=\"2019-01-24T15:51:05+00:00\" \/>\n<meta name=\"twitter:card\" content=\"summary_large_image\" \/>\n<script type=\"application\/ld+json\" class=\"yoast-schema-graph\">{\"@context\":\"https:\/\/schema.org\",\"@graph\":[{\"@type\":\"WebPage\",\"@id\":\"https:\/\/zubeldia.com\/eu\/hizkuntzen-taula-baliokidea\/\",\"url\":\"https:\/\/zubeldia.com\/eu\/hizkuntzen-taula-baliokidea\/\",\"name\":\"Hizkuntzen taula baliokidea - Zubeldia Formaci\u00f3n\",\"isPartOf\":{\"@id\":\"https:\/\/zubeldia.com\/#website\"},\"datePublished\":\"2018-11-28T11:35:55+00:00\",\"dateModified\":\"2019-01-24T15:51:05+00:00\",\"breadcrumb\":{\"@id\":\"https:\/\/zubeldia.com\/eu\/hizkuntzen-taula-baliokidea\/#breadcrumb\"},\"inLanguage\":\"eu-ES\",\"potentialAction\":[{\"@type\":\"ReadAction\",\"target\":[\"https:\/\/zubeldia.com\/eu\/hizkuntzen-taula-baliokidea\/\"]}]},{\"@type\":\"BreadcrumbList\",\"@id\":\"https:\/\/zubeldia.com\/eu\/hizkuntzen-taula-baliokidea\/#breadcrumb\",\"itemListElement\":[{\"@type\":\"ListItem\",\"position\":1,\"name\":\"Home\",\"item\":\"https:\/\/zubeldia.com\/eu\/\"},{\"@type\":\"ListItem\",\"position\":2,\"name\":\"Hizkuntzen taula baliokidea\"}]},{\"@type\":\"WebSite\",\"@id\":\"https:\/\/zubeldia.com\/#website\",\"url\":\"https:\/\/zubeldia.com\/\",\"name\":\"Zubeldia Formaci\u00f3n\",\"description\":\"Centro de Estudios\",\"publisher\":{\"@id\":\"https:\/\/zubeldia.com\/#organization\"},\"potentialAction\":[{\"@type\":\"SearchAction\",\"target\":{\"@type\":\"EntryPoint\",\"urlTemplate\":\"https:\/\/zubeldia.com\/?s={search_term_string}\"},\"query-input\":{\"@type\":\"PropertyValueSpecification\",\"valueRequired\":true,\"valueName\":\"search_term_string\"}}],\"inLanguage\":\"eu-ES\"},{\"@type\":\"Organization\",\"@id\":\"https:\/\/zubeldia.com\/#organization\",\"name\":\"Zubeldia Formaci\u00f3n\",\"url\":\"https:\/\/zubeldia.com\/\",\"logo\":{\"@type\":\"ImageObject\",\"inLanguage\":\"eu-ES\",\"@id\":\"https:\/\/zubeldia.com\/#\/schema\/logo\/image\/\",\"url\":\"https:\/\/zubeldia.com\/wp-content\/uploads\/2018\/09\/cropped-Zubeldia-Logo.png\",\"contentUrl\":\"https:\/\/zubeldia.com\/wp-content\/uploads\/2018\/09\/cropped-Zubeldia-Logo.png\",\"width\":403,\"height\":105,\"caption\":\"Zubeldia Formaci\u00f3n\"},\"image\":{\"@id\":\"https:\/\/zubeldia.com\/#\/schema\/logo\/image\/\"}}]}<\/script>\n<!-- \/ Yoast SEO plugin. -->","yoast_head_json":{"title":"Hizkuntzen taula baliokidea - Zubeldia Formaci\u00f3n","robots":{"index":"index","follow":"follow","max-snippet":"max-snippet:-1","max-image-preview":"max-image-preview:large","max-video-preview":"max-video-preview:-1"},"canonical":"https:\/\/zubeldia.com\/eu\/hizkuntzen-taula-baliokidea\/","og_locale":"eu_ES","og_type":"article","og_title":"Hizkuntzen taula baliokidea - Zubeldia Formaci\u00f3n","og_description":"Hizkuntzetarako Europako Erreferentzia Esparru Bateratuaren araberako hizkuntzen taula baliokidea. A1 A2 B1 B2 C1 C2 OINARRIZKOA AURRE ERDI-MAILA ERDI-MAILA AURRERATUA GAITASUNA 1 GAITASUNA 2 INGL\u00c9S KET PET FCE CAE CPE FRANC\u00c9S DELF DALF ALEM\u00c1N STAR DEUTCH 1 (SD1) STAR DEUTCH 1 (SD2) ZERTIFICAT DEUTSCH (ZD) GOETHE-ZERTIFIKAT GOETHE-ZERTIFIKAT ZOP EUSKERA Hizkuntza-eskakizuna HE1 Hizkuntza-eskakizuna HE2 Hizkuntza-eskakizuna HE3 [&hellip;]","og_url":"https:\/\/zubeldia.com\/eu\/hizkuntzen-taula-baliokidea\/","og_site_name":"Zubeldia Formaci\u00f3n","article_modified_time":"2019-01-24T15:51:05+00:00","twitter_card":"summary_large_image","schema":{"@context":"https:\/\/schema.org","@graph":[{"@type":"WebPage","@id":"https:\/\/zubeldia.com\/eu\/hizkuntzen-taula-baliokidea\/","url":"https:\/\/zubeldia.com\/eu\/hizkuntzen-taula-baliokidea\/","name":"Hizkuntzen taula baliokidea - Zubeldia Formaci\u00f3n","isPartOf":{"@id":"https:\/\/zubeldia.com\/#website"},"datePublished":"2018-11-28T11:35:55+00:00","dateModified":"2019-01-24T15:51:05+00:00","breadcrumb":{"@id":"https:\/\/zubeldia.com\/eu\/hizkuntzen-taula-baliokidea\/#breadcrumb"},"inLanguage":"eu-ES","potentialAction":[{"@type":"ReadAction","target":["https:\/\/zubeldia.com\/eu\/hizkuntzen-taula-baliokidea\/"]}]},{"@type":"BreadcrumbList","@id":"https:\/\/zubeldia.com\/eu\/hizkuntzen-taula-baliokidea\/#breadcrumb","itemListElement":[{"@type":"ListItem","position":1,"name":"Home","item":"https:\/\/zubeldia.com\/eu\/"},{"@type":"ListItem","position":2,"name":"Hizkuntzen taula baliokidea"}]},{"@type":"WebSite","@id":"https:\/\/zubeldia.com\/#website","url":"https:\/\/zubeldia.com\/","name":"Zubeldia Formaci\u00f3n","description":"Centro de Estudios","publisher":{"@id":"https:\/\/zubeldia.com\/#organization"},"potentialAction":[{"@type":"SearchAction","target":{"@type":"EntryPoint","urlTemplate":"https:\/\/zubeldia.com\/?s={search_term_string}"},"query-input":{"@type":"PropertyValueSpecification","valueRequired":true,"valueName":"search_term_string"}}],"inLanguage":"eu-ES"},{"@type":"Organization","@id":"https:\/\/zubeldia.com\/#organization","name":"Zubeldia Formaci\u00f3n","url":"https:\/\/zubeldia.com\/","logo":{"@type":"ImageObject","inLanguage":"eu-ES","@id":"https:\/\/zubeldia.com\/#\/schema\/logo\/image\/","url":"https:\/\/zubeldia.com\/wp-content\/uploads\/2018\/09\/cropped-Zubeldia-Logo.png","contentUrl":"https:\/\/zubeldia.com\/wp-content\/uploads\/2018\/09\/cropped-Zubeldia-Logo.png","width":403,"height":105,"caption":"Zubeldia Formaci\u00f3n"},"image":{"@id":"https:\/\/zubeldia.com\/#\/schema\/logo\/image\/"}}]}},"_links":{"self":[{"href":"https:\/\/zubeldia.com\/eu\/wp-json\/wp\/v2\/pages\/916","targetHints":{"allow":["GET"]}}],"collection":[{"href":"https:\/\/zubeldia.com\/eu\/wp-json\/wp\/v2\/pages"}],"about":[{"href":"https:\/\/zubeldia.com\/eu\/wp-json\/wp\/v2\/types\/page"}],"author":[{"embeddable":true,"href":"https:\/\/zubeldia.com\/eu\/wp-json\/wp\/v2\/users\/1"}],"replies":[{"embeddable":true,"href":"https:\/\/zubeldia.com\/eu\/wp-json\/wp\/v2\/comments?post=916"}],"version-history":[{"count":2,"href":"https:\/\/zubeldia.com\/eu\/wp-json\/wp\/v2\/pages\/916\/revisions"}],"predecessor-version":[{"id":977,"href":"https:\/\/zubeldia.com\/eu\/wp-json\/wp\/v2\/pages\/916\/revisions\/977"}],"wp:attachment":[{"href":"https:\/\/zubeldia.com\/eu\/wp-json\/wp\/v2\/media?parent=916"}],"curies":[{"name":"wp","href":"https:\/\/api.w.org\/{rel}","templated":true}]}}